{"id":129,"date":"2023-01-26T09:27:47","date_gmt":"2023-01-26T09:27:47","guid":{"rendered":"https:\/\/estoniancricket.com\/?page_id=129"},"modified":"2025-04-21T08:35:34","modified_gmt":"2025-04-21T08:35:34","slug":"code-of-conduct","status":"publish","type":"page","link":"https:\/\/estoniancricket.com\/et\/administration\/code-of-conduct\/","title":{"rendered":"K\u00c4ITUMISKOODEKS"},"content":{"rendered":"<section id=\"bt_bb_section69d58bcc3459c\" class=\"bt_bb_section bt_bb_layout_boxed_1200\"  data-bt-override-class=\"null\"><div class=\"bt_bb_port\"><div class=\"bt_bb_cell\"><div class=\"bt_bb_cell_inner\"><div class=\"bt_bb_row\"  data-bt-override-class=\"{}\"><div class=\"bt_bb_row_holder\" ><div  class=\"bt_bb_column col-xxl-4 col-xl-4 col-xs-12 col-sm-12 col-md-12 col-lg-4 bt_bb_vertical_align_top bt_bb_align_center bt_bb_padding_none\" style=\"; --column-width:4;\" data-width=\"4\" data-bt-override-class=\"{&quot;bt_bb_align_&quot;:{&quot;current_class&quot;:&quot;bt_bb_align_center&quot;,&quot;def&quot;:&quot;center&quot;,&quot;xl&quot;:&quot;center&quot;},&quot;bt_bb_padding_&quot;:{&quot;current_class&quot;:&quot;bt_bb_padding_none&quot;,&quot;def&quot;:&quot;none&quot;,&quot;xl&quot;:&quot;none&quot;}}\"><div class=\"bt_bb_column_content\"><div class=\"bt_bb_column_content_inner\"><div  class=\"bt_bb_text\" ><\/p>\n<p><a href=\"https:\/\/estoniancricket.com\/wp-content\/uploads\/2024\/06\/Code-of-Conduct-2023.pdf\" target=\"_blank\" rel=\"noopener\"><img loading=\"lazy\" decoding=\"async\" class=\"aligncenter wp-image-4459 size-full\" src=\"https:\/\/estoniancricket.com\/wp-content\/uploads\/2023\/01\/codeofconducteesti.jpg\" alt=\"\" width=\"400\" height=\"600\" srcset=\"https:\/\/estoniancricket.com\/wp-content\/uploads\/2023\/01\/codeofconducteesti.jpg 400w, https:\/\/estoniancricket.com\/wp-content\/uploads\/2023\/01\/codeofconducteesti-200x300.jpg 200w, https:\/\/estoniancricket.com\/wp-content\/uploads\/2023\/01\/codeofconducteesti-8x12.jpg 8w\" sizes=\"auto, (max-width: 400px) 100vw, 400px\" \/><\/a><\/p>\n<p>\n<\/div><\/div><\/div><\/div><div  class=\"bt_bb_column col-xxl-4 col-xl-4 col-xs-12 col-sm-12 col-md-12 col-lg-4 bt_bb_vertical_align_top bt_bb_align_center bt_bb_padding_none\" style=\"; --column-width:4;\" data-width=\"4\" data-bt-override-class=\"{&quot;bt_bb_align_&quot;:{&quot;current_class&quot;:&quot;bt_bb_align_center&quot;,&quot;def&quot;:&quot;center&quot;,&quot;xl&quot;:&quot;center&quot;},&quot;bt_bb_padding_&quot;:{&quot;current_class&quot;:&quot;bt_bb_padding_none&quot;,&quot;def&quot;:&quot;none&quot;,&quot;xl&quot;:&quot;none&quot;}}\"><div class=\"bt_bb_column_content\"><div class=\"bt_bb_column_content_inner\"><div  class=\"bt_bb_text\" ><\/p>\n<p><a href=\"https:\/\/estoniancricket.com\/wp-content\/uploads\/2023\/07\/National-Teams-Code-of-Conduct.pdf\" target=\"_blank\" rel=\"noopener\"><img loading=\"lazy\" decoding=\"async\" class=\"aligncenter wp-image-4812 size-full\" src=\"https:\/\/estoniancricket.com\/wp-content\/uploads\/2023\/05\/ntcocbutton.jpg\" alt=\"\" width=\"400\" height=\"600\" srcset=\"https:\/\/estoniancricket.com\/wp-content\/uploads\/2023\/05\/ntcocbutton.jpg 400w, https:\/\/estoniancricket.com\/wp-content\/uploads\/2023\/05\/ntcocbutton-200x300.jpg 200w, https:\/\/estoniancricket.com\/wp-content\/uploads\/2023\/05\/ntcocbutton-8x12.jpg 8w\" sizes=\"auto, (max-width: 400px) 100vw, 400px\" \/><\/a><\/p>\n<p>\n<\/div><\/div><\/div><\/div><div  class=\"bt_bb_column col-xxl-4 col-xl-4 col-xs-12 col-sm-12 col-md-12 col-lg-4 bt_bb_vertical_align_top bt_bb_align_center bt_bb_padding_none\" style=\"; --column-width:4;\" data-width=\"4\" data-bt-override-class=\"{&quot;bt_bb_align_&quot;:{&quot;current_class&quot;:&quot;bt_bb_align_center&quot;,&quot;def&quot;:&quot;center&quot;,&quot;xl&quot;:&quot;center&quot;},&quot;bt_bb_padding_&quot;:{&quot;current_class&quot;:&quot;bt_bb_padding_none&quot;,&quot;def&quot;:&quot;none&quot;,&quot;xl&quot;:&quot;none&quot;}}\"><div class=\"bt_bb_column_content\"><div class=\"bt_bb_column_content_inner\"><div  class=\"bt_bb_text\" ><\/p>\n<p><a href=\"https:\/\/estoniancricket.com\/wp-content\/uploads\/2024\/07\/Incident-Report-Form-Fillable.pdf\" target=\"_blank\" rel=\"noopener\"><img loading=\"lazy\" decoding=\"async\" class=\"aligncenter wp-image-4723 size-full\" src=\"https:\/\/estoniancricket.com\/wp-content\/uploads\/2023\/05\/incidentform.jpg\" alt=\"\" width=\"400\" height=\"600\" srcset=\"https:\/\/estoniancricket.com\/wp-content\/uploads\/2023\/05\/incidentform.jpg 400w, https:\/\/estoniancricket.com\/wp-content\/uploads\/2023\/05\/incidentform-200x300.jpg 200w, https:\/\/estoniancricket.com\/wp-content\/uploads\/2023\/05\/incidentform-8x12.jpg 8w\" sizes=\"auto, (max-width: 400px) 100vw, 400px\" \/><\/a><\/p>\n<p>\n<\/div><\/div><\/div><\/div><\/div><\/div><div data-bb-version=\"4.5.5\" class=\"bt_bb_row\"  data-bt-override-class=\"{}\"><div class=\"bt_bb_row_holder\" ><div data-bb-version=\"4.5.5\"  class=\"bt_bb_column col-xxl-12 col-xl-12 col-xs-12 col-sm-12 col-md-12 col-lg-12 bt_bb_vertical_align_top bt_bb_align_left bt_bb_padding_normal\" style=\"; --column-width:12;\" data-width=\"12\" data-bt-override-class=\"{}\"><div class=\"bt_bb_column_content\"><div class=\"bt_bb_column_content_inner\"><div class=\"bt_bb_separator_v2 bt_bb_border_style_none bt_bb_top_spacing_normal bt_bb_bottom_spacing_none bt_bb_border_thickness_1 bt_bb_icon_size_normal bt_bb_text_size_normal bt_bb_separator_v2_without_content\" data-bt-override-class=\"{&quot;bt_bb_top_spacing_&quot;:{&quot;current_class&quot;:&quot;bt_bb_top_spacing_normal&quot;,&quot;def&quot;:&quot;normal&quot;,&quot;xl&quot;:&quot;normal&quot;},&quot;bt_bb_bottom_spacing_&quot;:{&quot;current_class&quot;:&quot;bt_bb_bottom_spacing_none&quot;,&quot;def&quot;:&quot;none&quot;,&quot;xl&quot;:&quot;none&quot;},&quot;bt_bb_border_thickness_&quot;:{&quot;current_class&quot;:&quot;bt_bb_border_thickness_1&quot;,&quot;def&quot;:&quot;1&quot;,&quot;xl&quot;:&quot;1&quot;},&quot;bt_bb_icon_size_&quot;:{&quot;current_class&quot;:&quot;bt_bb_icon_size_normal&quot;,&quot;def&quot;:&quot;normal&quot;,&quot;xl&quot;:&quot;normal&quot;},&quot;bt_bb_text_size_&quot;:{&quot;current_class&quot;:&quot;bt_bb_text_size_normal&quot;,&quot;def&quot;:&quot;normal&quot;,&quot;xl&quot;:&quot;normal&quot;}}\"><div class=\"bt_bb_separator_v2_inner\"><span class=\"bt_bb_separator_v2_inner_before\"><\/span><span class=\"bt_bb_separator_v2_inner_content\"><span  data-ico-=\"\" class=\"bt_bb_icon_holder\"><\/span><\/span><span class=\"bt_bb_separator_v2_inner_after\"><\/span><\/div><\/div><div  class=\"bt_bb_text\" ><\/p>\n<table id=\"tablepress-1\" class=\"tablepress tablepress-id-1\">\n<thead>\n<tr class=\"row-1\">\n<th class=\"column-1\">Nimi<\/th>\n<th class=\"column-2\">Klubi<\/th>\n<th class=\"column-3\">S\u00fc\u00fcteo kuup\u00e4ev<\/th>\n<th class=\"column-4\">S\u00fc\u00fctegu<\/th>\n<th class=\"column-5\">S\u00fc\u00fcteo Aste<\/th>\n<th class=\"column-6\">Sanktsioon<\/th>\n<th class=\"column-7\">KP<\/th>\n<th class=\"column-8\">PP<\/th>\n<th class=\"column-9\">LKP<\/th>\n<th class=\"column-10\">LPP<\/th>\n<\/tr>\n<\/thead>\n<tbody class=\"row-striping row-hover\">\n<tr class=\"row-2\">\n<td class=\"column-1\">Ashish Rana<\/td>\n<td class=\"column-2\">United<\/td>\n<td class=\"column-3\">31\/05\/25<\/td>\n<td class=\"column-4\">2.8<\/td>\n<td class=\"column-5\">1 Tase<\/td>\n<td class=\"column-6\">Hoiatus<\/td>\n<td class=\"column-7\">1<\/td>\n<td class=\"column-8\">0<\/td>\n<td class=\"column-9\">1<\/td>\n<td class=\"column-10\">0<\/td>\n<\/tr>\n<tr class=\"row-3\">\n<td class=\"column-1\">Richard Parkin<\/td>\n<td class=\"column-2\">Saaremaa<\/td>\n<td class=\"column-3\">11\/06\/23<\/td>\n<td class=\"column-4\">2.13<\/td>\n<td class=\"column-5\">2 Tase<\/td>\n<td class=\"column-6\">1 Peatamispunkt<\/td>\n<td class=\"column-7\">3<\/td>\n<td class=\"column-8\">1<\/td>\n<td class=\"column-9\">3<\/td>\n<td class=\"column-10\">1<\/td>\n<\/tr>\n<tr class=\"row-4\">\n<td class=\"column-1\">Syed Asghar<\/td>\n<td class=\"column-2\">Riders<\/td>\n<td class=\"column-3\">10\/06\/23<\/td>\n<td class=\"column-4\">2.8<\/td>\n<td class=\"column-5\">1 Tase<\/td>\n<td class=\"column-6\">Hoiatus<\/td>\n<td class=\"column-7\">1<\/td>\n<td class=\"column-8\">0<\/td>\n<td class=\"column-9\">2<\/td>\n<td class=\"column-10\">0<\/td>\n<\/tr>\n<tr class=\"row-5\">\n<td class=\"column-1\">Tajul Islam<\/td>\n<td class=\"column-2\">Riders<\/td>\n<td class=\"column-3\">27\/05\/23<\/td>\n<td class=\"column-4\">2.8<\/td>\n<td class=\"column-5\">1 Tase<\/td>\n<td class=\"column-6\">Hoiatus<\/td>\n<td class=\"column-7\">1<\/td>\n<td class=\"column-8\">0<\/td>\n<td class=\"column-9\">1<\/td>\n<td class=\"column-10\">0<\/td>\n<\/tr>\n<tr class=\"row-6\">\n<td class=\"column-1\">Ashish Rana<\/td>\n<td class=\"column-2\">United<\/td>\n<td class=\"column-3\">21\/05\/23<\/td>\n<td class=\"column-4\">2.3<\/td>\n<td class=\"column-5\">1 Tase<\/td>\n<td class=\"column-6\">Hoiatus<\/td>\n<td class=\"column-7\">1<\/td>\n<td class=\"column-8\">0<\/td>\n<td class=\"column-9\">1<\/td>\n<td class=\"column-10\">0<\/td>\n<\/tr>\n<tr class=\"row-7\">\n<td class=\"column-1\">Syed Asghar<\/td>\n<td class=\"column-2\">Riders<\/td>\n<td class=\"column-3\">14\/05\/23<\/td>\n<td class=\"column-4\">2.10.2<\/td>\n<td class=\"column-5\">1 Tase<\/td>\n<td class=\"column-6\">Hoiatus<\/td>\n<td class=\"column-7\">1<\/td>\n<td class=\"column-8\">0<\/td>\n<td class=\"column-9\">1<\/td>\n<td class=\"column-10\">0<\/td>\n<\/tr>\n<tr class=\"row-8\">\n<td class=\"column-1\">Habib Khan<\/td>\n<td class=\"column-2\">Strikers<\/td>\n<td class=\"column-3\">03\/09\/22<\/td>\n<td class=\"column-4\">2.8<\/td>\n<td class=\"column-5\">1 Tase<\/td>\n<td class=\"column-6\">Hoiatus<\/td>\n<td class=\"column-7\">0<\/td>\n<td class=\"column-8\">0<\/td>\n<td class=\"column-9\">0<\/td>\n<td class=\"column-10\">0<\/td>\n<\/tr>\n<tr class=\"row-9\">\n<td class=\"column-1\">Habib Khan<\/td>\n<td class=\"column-2\">Strikers<\/td>\n<td class=\"column-3\">03\/09\/22<\/td>\n<td class=\"column-4\">2.2<\/td>\n<td class=\"column-5\">1 Tase<\/td>\n<td class=\"column-6\">Hoiatus <\/td>\n<td class=\"column-7\">0<\/td>\n<td class=\"column-8\">0<\/td>\n<td class=\"column-9\">0<\/td>\n<td class=\"column-10\">0<\/td>\n<\/tr>\n<\/tbody>\n<\/table>\n<p><!-- #tablepress-1 from cache --><\/p>\n<p>\n<\/div><div  class=\"bt_bb_text\" ><\/p>\n<p style=\"text-align: right;\">KP = Kahjupunktid, PP = Peatamisepunktid, LKP = L\u00f5plikud Kahjupunktid, LPP = L\u00f5plikud Peatamispunktid<\/p>\n<p>\n<\/div><\/div><\/div><\/div><\/div><\/div><\/div><!-- cell_inner --><\/div><!-- cell --><\/div><!-- port --><\/section>","protected":false},"excerpt":{"rendered":"","protected":false},"author":2,"featured_media":0,"parent":116,"menu_order":0,"comment_status":"closed","ping_status":"closed","template":"","meta":{"footnotes":""},"class_list":["post-129","page","type-page","status-publish","hentry"],"_links":{"self":[{"href":"https:\/\/estoniancricket.com\/et\/wp-json\/wp\/v2\/pages\/129","targetHints":{"allow":["GET"]}}],"collection":[{"href":"https:\/\/estoniancricket.com\/et\/wp-json\/wp\/v2\/pages"}],"about":[{"href":"https:\/\/estoniancricket.com\/et\/wp-json\/wp\/v2\/types\/page"}],"author":[{"embeddable":true,"href":"https:\/\/estoniancricket.com\/et\/wp-json\/wp\/v2\/users\/2"}],"replies":[{"embeddable":true,"href":"https:\/\/estoniancricket.com\/et\/wp-json\/wp\/v2\/comments?post=129"}],"version-history":[{"count":10,"href":"https:\/\/estoniancricket.com\/et\/wp-json\/wp\/v2\/pages\/129\/revisions"}],"predecessor-version":[{"id":6777,"href":"https:\/\/estoniancricket.com\/et\/wp-json\/wp\/v2\/pages\/129\/revisions\/6777"}],"up":[{"embeddable":true,"href":"https:\/\/estoniancricket.com\/et\/wp-json\/wp\/v2\/pages\/116"}],"wp:attachment":[{"href":"https:\/\/estoniancricket.com\/et\/wp-json\/wp\/v2\/media?parent=129"}],"curies":[{"name":"wp","href":"https:\/\/api.w.org\/{rel}","templated":true}]}}