{"id":150,"date":"2023-01-26T09:30:25","date_gmt":"2023-01-26T09:30:25","guid":{"rendered":"https:\/\/estoniancricket.com\/?page_id=150"},"modified":"2023-02-06T13:02:21","modified_gmt":"2023-02-06T13:02:21","slug":"about-us","status":"publish","type":"page","link":"https:\/\/estoniancricket.com\/et\/about-us\/","title":{"rendered":"EESTI KRIKETI LIIDUST"},"content":{"rendered":"<section id=\"bt_bb_section69d3c44ab4ca9\" class=\"bt_bb_section bt_bb_layout_boxed_1200\"  data-bt-override-class=\"null\"><div class=\"bt_bb_port\"><div class=\"bt_bb_cell\"><div class=\"bt_bb_cell_inner\"><div class=\"bt_bb_row\"  data-bt-override-class=\"{}\"><div class=\"bt_bb_row_holder\" ><div  class=\"bt_bb_column col-xxl-12 col-xl-12 col-xs-12 col-sm-12 col-md-12 col-lg-12 bt_bb_vertical_align_top bt_bb_align_left bt_bb_padding_normal\" style=\"; --column-width:12;\" data-width=\"12\" data-bt-override-class=\"{}\"><div class=\"bt_bb_column_content\"><div class=\"bt_bb_column_content_inner\"><div  class=\"bt_bb_text\" ><\/p>\n<p><img loading=\"lazy\" decoding=\"async\" class=\"aligncenter size-full wp-image-259\" src=\"https:\/\/estoniancricket.com\/wp-content\/uploads\/2023\/01\/aboutusimage.png\" alt=\"\" width=\"1437\" height=\"545\" srcset=\"https:\/\/estoniancricket.com\/wp-content\/uploads\/2023\/01\/aboutusimage.png 1437w, https:\/\/estoniancricket.com\/wp-content\/uploads\/2023\/01\/aboutusimage-300x114.png 300w, https:\/\/estoniancricket.com\/wp-content\/uploads\/2023\/01\/aboutusimage-1024x388.png 1024w, https:\/\/estoniancricket.com\/wp-content\/uploads\/2023\/01\/aboutusimage-768x291.png 768w\" sizes=\"auto, (max-width: 1437px) 100vw, 1437px\" \/><\/p>\n<p style=\"text-align: center;\" draggable=\"false\"><span style=\"color: #121212;\"><i>\u201cGrass roots \u2013 the evolution of Estonian Cricket\u201d<\/i><\/span><\/p>\n<p style=\"text-align: left;\" draggable=\"false\"><span style=\"text-align: justify;\">Eestiga seostub palju vaatamisv\u00e4\u00e4rsusi ja helisid. Kujutage ette vaikseid m\u00e4nnimetsi, peegelsiledaid j\u00e4rvesid ja pisikesi k\u00fclasid, mis n\u00e4evad v\u00e4lja, nagu oleksid nad ajast puutumata. V\u00f5i m\u00f5elge kuidas L\u00e4\u00e4nemere lained loksuvad suvekuumusest rammetus P\u00e4rnu rannas. K\u00f5igele sellele vastandub kosmopoliitne Tallinna oma modernse kilukarbi silueti ja igap\u00e4evase meluga v\u00f5i akadeemiline Tartu, kus tudengid tormavad loengust loengusse v\u00f5i \u00f5ppehoonest \u00f5ppehoonesse. Ning siis kuuled sa Tiskres kuidas nahk plartsatab vastu pajust valmistatud toigast. Jah, sa lugesid seda viimast lauset \u00f5igesti. Kriket on nimelt siin Eestis ja tal l\u00e4heb \u00fcsna h\u00e4sti.<\/span><\/p>\n<p style=\"text-align: left;\" draggable=\"false\"><span style=\"text-align: justify;\">Kriketit, uskuge v\u00f5i mitte, on Tallinnas m\u00e4ngitud juba 25 aastat. Ta on muutunud entusiastide poolt hooldamata jalgpalliv\u00e4ljakul m\u00e4ngitud asjaarmastajate ajaviitest Rahvusvahelise Kriketin\u00f5ukogu (ICC) poolt tunnustatud meeskonnaalaks Eestis, kelle esindusmeeskond v\u00f5istleb T20i maailmameistriv\u00f5istluste kvalifikatsiooniturniiridel.<\/span><\/p>\n<p style=\"text-align: left;\" draggable=\"false\"><span style=\"text-align: justify;\">Eestis sai see \u00fcllas m\u00e4ng esimest korda alguse 1998. aastal. Eesti ettev\u00f5tja naasis Austraalia-reisilt olles nakatunud kriketihullusega ning sooviga m\u00e4ngu ka oma kodumaal harrastada. Ta p\u00f6\u00f6rdus Tallinnas tegutseva kohaliku India restoranipidaja poole, keda teadis olevat kriketiga sinas\u00f5ber. Koos korraldati demonstratsioonmat\u0161 paarile kohalikule h\u00e4mmeldunud eestlasele, kes ilmselt olid seni pidanud kriketit kroketiks. M\u00e4ngu kaasati ka Eestis toimetanud India restoranide t\u00f6\u00f6tajaid. Tulemus v\u00f5ib olla ununenud, kuid m\u00e4ng ise on ajalukku l\u00e4inud. Sel 1998.aasta n\u00e4dalavahetuse p\u00e4eval, mille t\u00e4pne kuup\u00e4ev on samuti juba ununenud, saabus Eestisse kriket.<\/span><\/p>\n<p style=\"text-align: left;\" draggable=\"false\"><span style=\"text-align: justify;\">Algul m\u00e4ngisid omavahel, nagu mainitud, India restoranit\u00f6\u00f6tajad, kellest paljud polnud \u00fcldsegi Indiast, vaid olid kohalikud venelastd, ukrainlased, grusiinid, kellele lisandusid m\u00f5ned eestlastesd ja kohalikud Briti diasporaa esindajad. S\u00f5na levides kasvas ka m\u00e4ngiv meeskond, eriti just kohaliku paberit\u00f6\u00f6stuse Pakistani juurtega m\u00e4ngijate arvelt.<\/span><\/p>\n<p style=\"text-align: left;\" draggable=\"false\"><span style=\"text-align: justify;\">M\u00f5ne aastaga liiguti m\u00e4ttasse kasvanud Tehnika\u00fclikooli jalgpalliv\u00e4ljakult Tallinna Hipodroomi ovaalile. Organiseeriti betoonist alusp\u00f5hi ja UK \u0301st kriketiv\u00e4ljaku kunstmuru, mist\u00f5ttu \u00fcht\u00e4kki tekkis Eesti kriketim\u00e4ngijatele oma kodu. Esimestel aastatel m\u00e4ngiti kohalikul tasandil omavahel n\u00e4dalal\u00f5ppudel, kuid kuna \u00fcha kergemini p\u00e4\u00e4ses juba ka mujalt Tallinna lennukiga, ning et kriketimaailma d\u017eunglitrummid olid andnud teada, et \u00fches Balti riikidest m\u00e4ngitakse kriketit, siis tulid \u201cnad\u201d kohale. V\u00f5istkonnad Hollandist, Soomest ja \u00dchendkuningriigist saabusid k\u00f5ik eelarvamustega mornidest ja hallidest idabloki \u201ckuttidest\u201d, kuid lahkusid k\u00f5ik sama s\u00e4ravate n\u00e4gudega kui \u201ckohalikud\u201d, andes maailmale edasi oma kogemuse Eesti k\u00fclalislahkusest ning kohalike kriketi entusiastide heast tasemest.<\/span><\/p>\n<p style=\"text-align: left;\" draggable=\"false\"><span style=\"text-align: justify;\">Eestist sai regulaarselt tuuritanud kriketimeeskondade hooaja l\u00f5pukalendri tavap\u00e4rane k\u00fclastuskoht. MCC, Soome meeskond, Lords Taverners, Sir Tim Rice ja tema Heartaches, k\u00f5ik nad j\u00f5udsid \u00fcsna varsti Eestisse seltskondlikule kriketim\u00e4ngule, koos v\u00f5imalusega leida uusi s\u00f5pru. Mida enam m\u00e4ngis Eesti meeskond uute heal tasemel m\u00e4ngivate vastastega, seda rohkem meeskond arenes. Eestil oli tekkinud regulaarne v\u00f5imalus kohtuda erinevate v\u00e4lisv\u00f5istkondadega omal koduv\u00e4ljakul, mis omakorda eksportis kohaliku kriketi teistesse riikidesse \u00fcle Euroopa.<\/span><\/p>\n<p style=\"text-align: left;\" draggable=\"false\"><span style=\"text-align: justify;\">Eesti esimene v\u00f5\u00f5rsilm\u00e4ng toimus 2003. aastal Helsingi \u201cKuue v\u00f5istluses\u201d. Kuigi meeskond kaotas kogemustega Soome rahvusmeeskonnale finaalis, oli sellesse m\u00e4ngu j\u00f5utud erinevate Taani ja Soome liiga meeskondade v\u00f5itmise l\u00e4bi. Seega kaotati vaid \u00fcks m\u00e4ng!<\/span><\/p>\n<p style=\"text-align: left;\" draggable=\"false\"><span style=\"text-align: justify;\">2003. aasta kevadel asutati MT\u00dc Eesti Kriketi Liit. Valiti juhatus, kelle \u00fclesandeks oli kriketi arendamine Eestis. P\u00f5hir\u00f5hku pandi m\u00e4ngutaseme t\u00f5stmisele, rohkemate Eesti kodanike m\u00e4ngima innustamisele ning laste ja koolide kaasamisele. Loodi ka MT\u00dc Eesti Rahvuslik Kriketi Assotsiatsioon, kelle \u00fclesandeks oli koondada loodtvaid klubisid ning olla Eesti esindajaks Rahvusvahelise Kriketin\u00f5ukogu ees.<\/span><\/p>\n<p style=\"text-align: left;\" draggable=\"false\"><span style=\"text-align: justify;\">Eesm\u00e4rkide saavutamise kaasaitamisele panustas ka Rahvusvaheline Kriketin\u00f5ukogu (ICC), kelle kaudu saadi suur kogus kriketi- ja noorte treeningkomplekte. Kuigi Rahvusvaheline Kriketin\u00f5ukogu ei tunnistanud Eestit veel ametlikult kriketitm\u00e4ngivaks riigiks, liigitati meid \"assotseerunud liikmeks\" (non affiliate member), mis t\u00e4hendas, et Eesti v\u00f5is v\u00f5istelda ICC reeglite ja m\u00e4\u00e4ruste alusel Euroopa tasandil. Kuna Eesti spordipoodidest arusaadavalt ei olnud v\u00f5imalik osta ei kriketikurikaid ega ka -palle, siis oli saabunud abi suureks toeks. Noorte ja laste komplektid jagati kohalikele koolidele, millega kaasnesid ka demonstratsioonid, kuidas kriketit m\u00e4ngitakse.<\/span><\/p>\n<p style=\"text-align: left;\" draggable=\"false\"><span style=\"text-align: justify;\">Aastatel 2005 ja 2006 k\u00e4is Tallinnas m\u00e4ngima \u00fcle neljak\u00fcmne tuurimeeskonna. Algne arrogantne arusaam, et \u201ctuleme ja v\u00f5idame\u201d k\u00fcmne v\u00e4ljal\u00f6\u00f6misega, oli ammu kadunud. Eesti suutis v\u00f5istelda v\u00f5rdsel tasemel ja paljudel kordadel v\u00f5itis hoopis Eesti k\u00fcmne v\u00e4ljal\u00f6\u00f6misega, kuigi Hipodroomi v\u00e4ljaku tundjad teavad, et see pole lihtne \u00fclesanne, Meid k\u00fclastanud meeskonnad, kes arvasid, et Eesti koondis koosneb vaid brittidest ja Briti \u00dchenduse rahvaste esindajatest, leidsid \u00fcllatusena stardinimekirja \u00fcheteistk\u00fcmne hulgas nimed nagu Kogerman, Koovit, Burget, K\u00e4mbre ja Uueni.<\/span><\/p>\n<p style=\"text-align: left;\" draggable=\"false\"><span style=\"text-align: justify;\">Arvestades Eesti geograafilist paiknemist otsustati 2006. aasta suvehooaja l\u00f5ppedes kahata tegema ka talviseid sisetreeninguid. N\u00fc\u00fcdseks oli kriketiseltskond kasvanud paarik\u00fcmneliikmeliseks. M\u00e4ngijad ei olnud sugugi rahul sellega, et ei saanud Eesti talvekuudel oma armastatud spordiala vajadusep\u00f5hiselt harrastada. \u00d6\u00f6d olid liiga pimedad, \u00f5hk liiga k\u00fclm ja Harku j\u00e4rve j\u00e4\u00e4, ausalt \u00f6eldes, liiga j\u00e4ine. Kalevi Spoordihall oli ideaalne koht. Broneeritud oli sealne tennise sisev\u00e4ljak ja igal kolmap\u00e4eva \u00f5htul kohtusid m\u00e4ngijad treeningutel. Nii v\u00e4ikesel harjutamisalal olid muidugi omad miinused, aga ka plussid. Kasutati pehmeid palle, mis t\u00e4hendas, et m\u00e4ng oli n\u00fc\u00fcd algajatele palju \u201clihtsam\u201d. Isad hakkasid trenni tooma poegi, kes omakorda t\u00f5id kaasa koma koolivendasid (ja ka -\u00f5desid). Kalevi spordihalli pealtvaatajad vaatasid h\u00e4mmastusega, kuidas pall tabab kurikat ja ei olnud haruldane, et need samad pealtvaatajad \u00fchinesid j\u00e4rgmisel korral kriketim\u00e4ngijatega p\u00fc\u00fcdmistrennis. Meeskond kasvas.<\/span><\/p>\n<p style=\"text-align: left;\" draggable=\"false\"><span style=\"text-align: justify;\">Loogiline oli j\u00e4rgmise taseme saavutamine ehk 2007. aastal sai alguse Eestis koduste liigam\u00e4ngude ajastu. M\u00e4ngijate arvu kasv lubas luua neli meeskonda, kes said omavahel j\u00f5udu proovida Eesti Kriketiliigas. Loodi Reval C.C, Tallinn Old Boys, Kalev C.C ja Tallinn C.C, millised meeskonnad osalesid hooaja m\u00e4ngudes, mis kestis maist septembrini. Andres Burgeti juhitud Reval C.C v\u00f5itis l\u00e4bi aegade esimese koduliiga ning see oli just Burget, kes esimese eestlasena v\u00f5is v\u00f5idukalt t\u00f5sta pea kohale liiga karika!<\/span><\/p>\n<p style=\"text-align: left;\" draggable=\"false\"><span style=\"text-align: justify;\">2008. aasta osutus kriketiliidu ja -assotsiatsiooni jaoks m\u00e4rgiliseks aastaks. Jaanuaris j\u00f5udis Eestisse Rahvusvaheline Kriketin\u00f5ukogu Euroopa talituse eest vastutav inspektor, kes hindas Eesti kriketi kvaliteeti. Ta oli meeldivalt \u00fcllatunud k\u00f5iges selles, mida ta n\u00e4gi. Seda nii v\u00f5imete, v\u00e4ljakute seisundi, juunioride arengu kui ka tulevikuambitsioonide osas.Eesti Rahvuslikul Kriketi Assotsiatsioonil soovitati taodelda Rahvusvaheline Kriketin\u00f5ukogu liikmestaatust, mis oleks eduka tulemuse korral lubanud meil esialgu p\u00e4\u00e4seda koos Rootsi, T\u0161ehhi, Kreeka ja teise uue liituja Bulgaariaga Euroopa viiendasse divisjoni. Taotlus kiideti heaks 2008. aasta augustis ja Eestist saigi Rahvusvaheline Kriketin\u00f5ukogu liikmesriik.<\/span><\/p>\n<p style=\"text-align: left;\" draggable=\"false\"><span style=\"text-align: justify;\">P\u00e4rast 2009. aasta rahvusvahelist deb\u00fc\u00fcti, kui me osalesime Kreekas Viienda divisjoni turniiril, v\u00f5ites vaid \u00fche m\u00e4ngu, saavutas Eesti rahvusmeeskond 2011. aastal Sloveenias peetud Euroopa Kolmanda divisjoni turniiril juba teise koha.<\/span><\/p>\n<p style=\"text-align: left;\" draggable=\"false\"><span style=\"text-align: justify;\">Eesti valiti 2012. aasta juunis Pepsi ICC Euroopa Kolmanda divisjoni meistriv\u00f5istluste v\u00f5\u00f5rustajaks. Meie rahvusmeeskond v\u00f5istles Sloveenia ja Bulgaariaga ning t\u00e4nu Shane Warne\u2019I eestvedamisele v\u00f5itis selle turniiri juba Eesti.<\/span><\/p>\n<p style=\"text-align: left;\" draggable=\"false\"><span style=\"text-align: justify;\">Kui seni oli kriketim\u00e4ng Eestis Tallinna ja P\u00f5hja Eesti p\u00f5hine, siis 2011. aasta septembris toimus Eesti suuruselt teises linnas Tartus l\u00e4bi aegade esimene kriketimat\u0161. Kriket alustas kogu Eesti \u201ch\u00f5ivamist\u201d . 2012. aastal edasiminek j\u00e4tkus, sest Eesti naiskond osales esimestel FinEst naiste sisekriketi meistriv\u00f5istlustel.<\/span><\/p>\n<p style=\"text-align: left;\" draggable=\"false\"><span style=\"text-align: justify;\">2013. aastal s\u00fcndis juba Eestis k\u00f5rgliiga, kus osales 3 meeskonda. Tallinna Kriketiklubi, Tallinn United ja Saaremaa Kriketiklubi olid asutajaliikmed ja konkureerivad selles liigas t\u00e4nasen.<\/span><\/p>\n<p style=\"text-align: left;\" draggable=\"false\"><span style=\"text-align: justify;\">2017. aastal liitusid liigaga Eesti Tigers ja Viking Stars, 2019. aastal liitus Tartu Kriketiklubi, kes oli esimene t\u00e4iesti v\u00e4ljaspool Tallinna asuv kriketiklubi. J\u00e4rgmisel aastal liitusid liigaga Tallinn Rising Stars, Tallinn Stallions ja juba teine Tartu meeskond - Tartu Wolves. 2018. aastal \u00fchinesid Tallinna MK ja Saaremaa KK ning moodustati Tallinna Hippos nimeline klubi. 2020. aastal pani Tallinn United esimest korda v\u00e4lja ka teise meeskonna - Tallinn United Falconsi. 2021. aastal moodustasid Tallinn Riders ja Tallinn Strikers koos NATO Eestis viibivate s\u00f5duritega meeskonna efP Eagles.<\/span><\/p>\n<p style=\"text-align: left;\" draggable=\"false\"><span style=\"text-align: justify;\">See kiire laienemine langes ajaliselt kokku kolimisega uuele kriketiv\u00e4ljakule, mis asub Tiskres. V\u00e4ljak asub Tallinna linnapiirist v\u00e4ljas, kuid on ainult umbes 15-minutilise autos\u00f5idu kaugusel kesklinnast. Eesti rahvuslik kriketi- ja ragbiv\u00e4ljak avati ametlikult 2020. aastal ning seal on toimunud Eesti k\u00f5rgliiga T20 ja 40 v\u00f5istlused nagu ka Balti karikav\u00f5istlused.<\/span><\/p>\n<p style=\"text-align: left;\" draggable=\"false\"><span style=\"text-align: justify;\">Tiskres on plaan v\u00e4ljakut veelgi laiendada, nii et loodetavasti valmivad peagi klubihoone ja sisekeskus, kus saaks m\u00e4ngida ja arendada Eesti kriketit lausa 365 p\u00e4eval aastas.<\/span><\/p>\n<p style=\"text-align: left;\" draggable=\"false\"><span style=\"text-align: justify;\">2020. aastal taasalustati p\u00e4rast mitmeaastast vaheaega Balti karikaga, mille t\u00f5ttu saabusid Eestisse L\u00e4ti ja Leedu meeskonnad, et v\u00f5istelda Eesti rahvusmeeskonna ja Eesti A-ga. Kahe p\u00e4eva jooksul peeti 12 mat\u0161i, mille tulemusel v\u00f5itis karika l\u00f5puks Eesti. Meeskonnad kohtusid Balti liigas uuesti 2021.aastal ning L\u00e4ti n\u00e4itas, et ka naabrite juures v\u00f5etakse asja juba t\u00f5siselt. Toimus eepiline finaal, mille l\u00f5ppedes krooniti Eesti siiski teist aastat j\u00e4rjest meistriks.<\/span><\/p>\n<p style=\"text-align: left;\" draggable=\"false\"><span style=\"text-align: justify;\">2021. aastal v\u00f5eti EKA vastu Eesti Ol\u00fcmpiakomitee liikmeks ja toimus Eesti meeste koondise taass\u00fcnd, kui tuuritasime K\u00fcprosel, et v\u00f5tta osa \u201ckolme sarjast\u201d Mani saare ja v\u00f5\u00f5rustaja K\u00fcprose vastu. Need olid Eesti esimesed ametlikud T20i mat\u0161id ja esimesed Rahvusvaheline Kriketin\u00f5ukogu tunnustatud mat\u0161id peaaegu 10 aasta jooksul. Kuigi me ei saavutanud \u00fchtegi v\u00f5itu n\u00e4itas meeskond, et neil on v\u00f5ime v\u00f5istelda k\u00f5rgema asetusega meeskondadega.<\/span><\/p>\n<p style=\"text-align: left;\" draggable=\"false\"><span style=\"text-align: justify;\">2022. aasta alguses saime teada, et v\u00f5istleme oma esimestel T20 maailmameistriv\u00f5istluste kvalifikatsiooniturniiridel, mida peetai juulis Helsingis. Eesti loositi samasse gruppi Norra, Prantsusmaa, \u0160veitsi ja T\u0161ehhiga. Juba ennem truniiri k\u00e4isime Helsingis, et pidada kaks soojendusm\u00e4ngu Soomega. Meie meeskond esines h\u00e4sti, kuigi kaotasime m\u00f5lemad m\u00e4ngud napilt kogenud ja heal tasemel vastasele. Neli n\u00e4dalat hiljem toimus samas kohas kvalifikatsioonturniir. Olime optimistlikud, samas ka realistid. Meie eesm\u00e4rk oli esineda nii h\u00e4sti kui v\u00f5imalik ja mitte lasta vastastel meist lihtalt \u201c\u00fcle k\u00e4ia\u201d. N\u00e4dala jooksul n\u00e4itasime kohati h\u00e4id sooritusi, kuid k\u00f5igil neljal m\u00e4ngul l\u00f6\u00f6di siiski meid v\u00e4ga kindlalt k\u00fcmne v\u00e4ravaga v\u00e4lja. 2022. aasta Balti karikav\u00f5istlustel v\u00f5itis aga sihikindel L\u00e4ti esmakordselt v\u00f5idukarika ja suurep\u00e4rases finaalmat\u0161is Eesti vastu.<\/span><\/p>\n<p style=\"text-align: left;\" draggable=\"false\"><span style=\"text-align: justify;\">2022.aasta talvel v\u00f5eti kasutusele 2-astmeline meeste sisev\u00f5istlus, kus 2021. aasta 5 parimat v\u00f5istkonda v\u00f5istlevad 1. divisjonis ja k\u00f5ik teised 2. divisjonis. Samuti k\u00e4ivitasime k\u00f5igi aegade esimese Eesti naiste kriketiliiga, kus Eesti naiste arvestuses osaleb 3 meeskonda.<\/span><\/p>\n<p style=\"text-align: left;\" draggable=\"false\"><span style=\"text-align: justify;\">Aastat 2023 oodates on meie eesm\u00e4rk v\u00f5\u00f5rustada oma esimest T20i sarja kodumaal ning k\u00e4ivitada esimest korda uuendatud kodumaine v\u00f5istluste seeria, kus on juba kaks divisjoni. Eestis toimub ka l\u00e4bi aegade esimene naiste v\u00e4liskriketiliiga.<\/span><\/p>\n<p style=\"text-align: left;\" draggable=\"false\"><span style=\"text-align: justify;\">Enne kui kriketit saab Eestis t\u00f5eliselt rahvusspordiks pidada, on veel palju teha, kuid on palju m\u00e4rke, et see kunagi juhtub. Me oleme t\u00f5siselt kinnitanud kanda Tartus ning sama loodame saavutada ka P\u00e4rnus. T\u00e4naseks on tehtud suuri edusamme k\u00f5ikjal ning EKA \u0301l on j\u00e4tkuvalt selge visioon kriketi edasiseks arenguks, sealhulgas ka koolides. Suuremaid probleeme, millega silmitsi seisame, on t\u00f5siasi, et Eesti kliima on selline nagu ta on. \u00d5ues saab kriketit m\u00e4ngida vaid neli kuud aastas ja sisekriketi etendamine on suhteliselt kallis. Lisaks teatav kultuuriprobleem, mille puhul kriketit peetakse ekslikult arusaamatuks ja piiratud arvuga riikides m\u00e4ngitavaks spordialaks, mida m\u00e4ngivad vaid kohalikud v\u00e4lismaalased ja suhteliselt v\u00e4ike arv entusiaste.<\/span><\/p>\n<p style=\"text-align: left;\" draggable=\"false\"><span style=\"font-weight: 400;\">Sellegipoolest on EKA j\u00e4tkuvalt t\u00e4ielikult p\u00fchendunud oma eesm\u00e4rgile muuta kriket rahvusspordiks ning meil on plaanid kuidas v\u00f5iks lahendada \u00fclalmainitud probleeme. Pole kahtlustki, et meie j\u00e4tkuvale kursile ja sellega seotud algatustele on loodud juba kindel alus, millele saab rajada Eesti kriketi tulevikku. Kui kriketit 25 aastat tagasi Eestis esimest korda jalgpalliv\u00e4ljakul m\u00e4ngiti, ei osanud keegi neist m\u00e4ngijatest unistadagi, kuidas kriket siinses k\u00fclmas P\u00f5hjamaa alal juurdub. Asjaolu, et Eestist p\u00e4rit m\u00e4ngijad on l\u00e4inud oma riiki esindama rahvusvahelistel turniiridel, annab tunnistust sellest, mida on v\u00f5imalik saavutada sihikindluse ja sooviga l\u00e4bi l\u00fc\u00fca. Meie entusiasm ja kirg selle m\u00e4ngu vastu on sama tugevad kui neil kunagistel pioneeridel.<\/span><\/p>\n<p style=\"text-align: left;\" draggable=\"false\"><b style=\"text-align: justify;\">James Ramsden: November 2008<br \/>\n<\/b><b style=\"text-align: justify;\">Tim Heath &amp; Dan Renwick: M\u00e4rts 2012<br \/>\n<\/b><b style=\"text-align: justify;\">Dave Robson: November 2022<\/b><\/p>\n<p>\n<\/div><\/div><\/div><\/div><\/div><\/div><\/div><!-- cell_inner --><\/div><!-- cell --><\/div><!-- port --><\/section>","protected":false},"excerpt":{"rendered":"","protected":false},"author":2,"featured_media":0,"parent":0,"menu_order":0,"comment_status":"closed","ping_status":"closed","template":"","meta":{"footnotes":""},"class_list":["post-150","page","type-page","status-publish","hentry"],"_links":{"self":[{"href":"https:\/\/estoniancricket.com\/et\/wp-json\/wp\/v2\/pages\/150","targetHints":{"allow":["GET"]}}],"collection":[{"href":"https:\/\/estoniancricket.com\/et\/wp-json\/wp\/v2\/pages"}],"about":[{"href":"https:\/\/estoniancricket.com\/et\/wp-json\/wp\/v2\/types\/page"}],"author":[{"embeddable":true,"href":"https:\/\/estoniancricket.com\/et\/wp-json\/wp\/v2\/users\/2"}],"replies":[{"embeddable":true,"href":"https:\/\/estoniancricket.com\/et\/wp-json\/wp\/v2\/comments?post=150"}],"version-history":[{"count":4,"href":"https:\/\/estoniancricket.com\/et\/wp-json\/wp\/v2\/pages\/150\/revisions"}],"predecessor-version":[{"id":4406,"href":"https:\/\/estoniancricket.com\/et\/wp-json\/wp\/v2\/pages\/150\/revisions\/4406"}],"wp:attachment":[{"href":"https:\/\/estoniancricket.com\/et\/wp-json\/wp\/v2\/media?parent=150"}],"curies":[{"name":"wp","href":"https:\/\/api.w.org\/{rel}","templated":true}]}}