{"id":6085,"date":"2024-01-24T13:24:20","date_gmt":"2024-01-24T13:24:20","guid":{"rendered":"https:\/\/estoniancricket.com\/?page_id=6085"},"modified":"2025-04-15T12:23:03","modified_gmt":"2025-04-15T12:23:03","slug":"umpiring-courses","status":"publish","type":"page","link":"https:\/\/estoniancricket.com\/et\/education\/umpiring-courses\/","title":{"rendered":"KOHTUNIKU KURSUSED"},"content":{"rendered":"<section data-bb-version=\"4.7.2\" id=\"bt_bb_section69e5d544789c6\" class=\"bt_bb_section bt_bb_layout_boxed_1200\"  data-bt-override-class=\"null\"><div class=\"bt_bb_port\"><div class=\"bt_bb_cell\"><div class=\"bt_bb_cell_inner\"><div class=\"bt_bb_row\"  data-bt-override-class=\"{}\"><div class=\"bt_bb_row_holder\" ><div data-bb-version=\"4.7.2\"  class=\"bt_bb_column col-xxl-12 col-xl-12 col-xs-12 col-sm-12 col-md-12 col-lg-12 bt_bb_vertical_align_top bt_bb_align_left bt_bb_padding_normal\" style=\"; --column-width:12;\" data-width=\"12\" data-bt-override-class=\"{}\"><div class=\"bt_bb_column_content\"><div class=\"bt_bb_column_content_inner\"><div data-bb-version=\"4.7.2\"  class=\"bt_bb_text\" ><\/p>\n<p>J\u00e4rgnevad trennid on saadaval EKL poolt, koost\u00f6\u00f6s \u00dclemaailmse Kriketi N\u00f5ukoguga (ICC):<\/p>\n<p>\n<\/div><div data-bb-version=\"4.7.2\" class=\"bt_bb_separator_v2 bt_bb_border_style_none bt_bb_top_spacing_normal bt_bb_bottom_spacing_none bt_bb_border_thickness_1 bt_bb_icon_size_normal bt_bb_text_size_normal bt_bb_separator_v2_without_content\" data-bt-override-class=\"{&quot;bt_bb_top_spacing_&quot;:{&quot;current_class&quot;:&quot;bt_bb_top_spacing_normal&quot;,&quot;def&quot;:&quot;normal&quot;},&quot;bt_bb_bottom_spacing_&quot;:{&quot;current_class&quot;:&quot;bt_bb_bottom_spacing_none&quot;,&quot;def&quot;:&quot;none&quot;},&quot;bt_bb_border_thickness_&quot;:{&quot;current_class&quot;:&quot;bt_bb_border_thickness_1&quot;,&quot;def&quot;:&quot;1&quot;},&quot;bt_bb_icon_size_&quot;:{&quot;current_class&quot;:&quot;bt_bb_icon_size_normal&quot;,&quot;def&quot;:&quot;normal&quot;},&quot;bt_bb_text_size_&quot;:{&quot;current_class&quot;:&quot;bt_bb_text_size_normal&quot;,&quot;def&quot;:&quot;normal&quot;}}\"><div class=\"bt_bb_separator_v2_inner\"><span class=\"bt_bb_separator_v2_inner_before\"><\/span><span class=\"bt_bb_separator_v2_inner_content\"><span  data-ico-=\"\" class=\"bt_bb_icon_holder\"><\/span><\/span><span class=\"bt_bb_separator_v2_inner_after\"><\/span><\/div><\/div><\/div><\/div><\/div><\/div><\/div><div class=\"bt_bb_row\"  data-bt-override-class=\"{}\"><div class=\"bt_bb_row_holder\" ><div data-bb-version=\"4.7.2\"  class=\"bt_bb_column col-xxl-6 col-xl-6 col-xs-12 col-sm-6 col-md-6 col-lg-6 bt_bb_vertical_align_top bt_bb_align_left bt_bb_padding_none\" style=\"; --column-width:6;\" data-width=\"6\" data-bt-override-class=\"{&quot;bt_bb_align_&quot;:{&quot;current_class&quot;:&quot;bt_bb_align_left&quot;,&quot;def&quot;:&quot;left&quot;},&quot;bt_bb_padding_&quot;:{&quot;current_class&quot;:&quot;bt_bb_padding_none&quot;,&quot;def&quot;:&quot;none&quot;}}\"><div class=\"bt_bb_column_content\"><div class=\"bt_bb_column_content_inner\"><div data-bb-version=\"4.7.2\" class=\"bt_bb_separator_v2 bt_bb_border_style_none bt_bb_top_spacing_small bt_bb_bottom_spacing_none bt_bb_border_thickness_1 bt_bb_icon_size_normal bt_bb_text_size_normal bt_bb_separator_v2_without_content\" data-bt-override-class=\"{&quot;bt_bb_top_spacing_&quot;:{&quot;current_class&quot;:&quot;bt_bb_top_spacing_small&quot;,&quot;def&quot;:&quot;small&quot;},&quot;bt_bb_bottom_spacing_&quot;:{&quot;current_class&quot;:&quot;bt_bb_bottom_spacing_none&quot;,&quot;def&quot;:&quot;none&quot;},&quot;bt_bb_border_thickness_&quot;:{&quot;current_class&quot;:&quot;bt_bb_border_thickness_1&quot;,&quot;def&quot;:&quot;1&quot;},&quot;bt_bb_icon_size_&quot;:{&quot;current_class&quot;:&quot;bt_bb_icon_size_normal&quot;,&quot;def&quot;:&quot;normal&quot;},&quot;bt_bb_text_size_&quot;:{&quot;current_class&quot;:&quot;bt_bb_text_size_normal&quot;,&quot;def&quot;:&quot;normal&quot;}}\"><div class=\"bt_bb_separator_v2_inner\"><span class=\"bt_bb_separator_v2_inner_before\"><\/span><span class=\"bt_bb_separator_v2_inner_content\"><span  data-ico-=\"\" class=\"bt_bb_icon_holder\"><\/span><\/span><span class=\"bt_bb_separator_v2_inner_after\"><\/span><\/div><\/div><div data-bb-version=\"4.7.2\"  class=\"bt_bb_text\" ><\/p>\n<p><strong>ICC Kohtuniku sissejuhatuse kursus<\/strong><\/p>\n<p>Selle sissejuhatava kursuse peamised huvigrupid on lapsevanemad, juhendajad ja vabatahtlikud, kelle soov on teada kuidas hallata kriketi m\u00e4ngu, et see oleks ohutu, kaasav ja nauditav.<\/p>\n<p>\n<\/div><div data-bb-version=\"4.7.2\" class=\"bt_bb_separator_v2 bt_bb_border_style_none bt_bb_top_spacing_normal bt_bb_bottom_spacing_none bt_bb_border_thickness_1 bt_bb_icon_size_normal bt_bb_text_size_normal bt_bb_separator_v2_without_content\" data-bt-override-class=\"{&quot;bt_bb_top_spacing_&quot;:{&quot;current_class&quot;:&quot;bt_bb_top_spacing_normal&quot;,&quot;def&quot;:&quot;normal&quot;},&quot;bt_bb_bottom_spacing_&quot;:{&quot;current_class&quot;:&quot;bt_bb_bottom_spacing_none&quot;,&quot;def&quot;:&quot;none&quot;},&quot;bt_bb_border_thickness_&quot;:{&quot;current_class&quot;:&quot;bt_bb_border_thickness_1&quot;,&quot;def&quot;:&quot;1&quot;},&quot;bt_bb_icon_size_&quot;:{&quot;current_class&quot;:&quot;bt_bb_icon_size_normal&quot;,&quot;def&quot;:&quot;normal&quot;},&quot;bt_bb_text_size_&quot;:{&quot;current_class&quot;:&quot;bt_bb_text_size_normal&quot;,&quot;def&quot;:&quot;normal&quot;}}\"><div class=\"bt_bb_separator_v2_inner\"><span class=\"bt_bb_separator_v2_inner_before\"><\/span><span class=\"bt_bb_separator_v2_inner_content\"><span  data-ico-=\"\" class=\"bt_bb_icon_holder\"><\/span><\/span><span class=\"bt_bb_separator_v2_inner_after\"><\/span><\/div><\/div><div data-bb-version=\"4.7.2\"  class=\"bt_bb_text\" ><\/p>\n<p><strong>Tasuta saadaval veebis eesti- ja inglise keeles.<\/strong><\/p>\n<p>\n<\/div><div data-bb-version=\"4.7.2\" class=\"bt_bb_separator_v2 bt_bb_border_style_solid bt_bb_top_spacing_normal bt_bb_bottom_spacing_none bt_bb_border_thickness_1 bt_bb_icon_size_normal bt_bb_text_size_normal bt_bb_separator_v2_without_content\" data-bt-override-class=\"{&quot;bt_bb_top_spacing_&quot;:{&quot;current_class&quot;:&quot;bt_bb_top_spacing_normal&quot;,&quot;def&quot;:&quot;normal&quot;},&quot;bt_bb_bottom_spacing_&quot;:{&quot;current_class&quot;:&quot;bt_bb_bottom_spacing_none&quot;,&quot;def&quot;:&quot;none&quot;},&quot;bt_bb_border_thickness_&quot;:{&quot;current_class&quot;:&quot;bt_bb_border_thickness_1&quot;,&quot;def&quot;:&quot;1&quot;},&quot;bt_bb_icon_size_&quot;:{&quot;current_class&quot;:&quot;bt_bb_icon_size_normal&quot;,&quot;def&quot;:&quot;normal&quot;},&quot;bt_bb_text_size_&quot;:{&quot;current_class&quot;:&quot;bt_bb_text_size_normal&quot;,&quot;def&quot;:&quot;normal&quot;}}\"><div class=\"bt_bb_separator_v2_inner\"><span class=\"bt_bb_separator_v2_inner_before\"><\/span><span class=\"bt_bb_separator_v2_inner_content\"><span  data-ico-=\"\" class=\"bt_bb_icon_holder\"><\/span><\/span><span class=\"bt_bb_separator_v2_inner_after\"><\/span><\/div><\/div><div data-bb-version=\"4.7.2\" class=\"bt_bb_separator_v2 bt_bb_border_style_none bt_bb_top_spacing_normal bt_bb_bottom_spacing_none bt_bb_border_thickness_1 bt_bb_icon_size_normal bt_bb_text_size_normal bt_bb_separator_v2_without_content\" data-bt-override-class=\"{&quot;bt_bb_top_spacing_&quot;:{&quot;current_class&quot;:&quot;bt_bb_top_spacing_normal&quot;,&quot;def&quot;:&quot;normal&quot;},&quot;bt_bb_bottom_spacing_&quot;:{&quot;current_class&quot;:&quot;bt_bb_bottom_spacing_none&quot;,&quot;def&quot;:&quot;none&quot;},&quot;bt_bb_border_thickness_&quot;:{&quot;current_class&quot;:&quot;bt_bb_border_thickness_1&quot;,&quot;def&quot;:&quot;1&quot;},&quot;bt_bb_icon_size_&quot;:{&quot;current_class&quot;:&quot;bt_bb_icon_size_normal&quot;,&quot;def&quot;:&quot;normal&quot;},&quot;bt_bb_text_size_&quot;:{&quot;current_class&quot;:&quot;bt_bb_text_size_normal&quot;,&quot;def&quot;:&quot;normal&quot;}}\"><div class=\"bt_bb_separator_v2_inner\"><span class=\"bt_bb_separator_v2_inner_before\"><\/span><span class=\"bt_bb_separator_v2_inner_content\"><span  data-ico-=\"\" class=\"bt_bb_icon_holder\"><\/span><\/span><span class=\"bt_bb_separator_v2_inner_after\"><\/span><\/div><\/div><div data-bb-version=\"4.7.2\"  class=\"bt_bb_text\" ><\/p>\n<p><strong>ICC Kohtunik 1 tase<\/strong><\/p>\n<p>1 Taseme kohtuniku koolituse huvigrupiks on kohtunikud, kes tegutsevad kohaliku liiga tasemel ning soovivad teada kuidas hallata kriketi m\u00e4ngu profesionaalsel viisil<\/p>\n<p>\n<\/div><div data-bb-version=\"4.7.2\" class=\"bt_bb_separator_v2 bt_bb_border_style_none bt_bb_top_spacing_normal bt_bb_bottom_spacing_none bt_bb_border_thickness_1 bt_bb_icon_size_normal bt_bb_text_size_normal bt_bb_separator_v2_without_content\" data-bt-override-class=\"{&quot;bt_bb_top_spacing_&quot;:{&quot;current_class&quot;:&quot;bt_bb_top_spacing_normal&quot;,&quot;def&quot;:&quot;normal&quot;},&quot;bt_bb_bottom_spacing_&quot;:{&quot;current_class&quot;:&quot;bt_bb_bottom_spacing_none&quot;,&quot;def&quot;:&quot;none&quot;},&quot;bt_bb_border_thickness_&quot;:{&quot;current_class&quot;:&quot;bt_bb_border_thickness_1&quot;,&quot;def&quot;:&quot;1&quot;},&quot;bt_bb_icon_size_&quot;:{&quot;current_class&quot;:&quot;bt_bb_icon_size_normal&quot;,&quot;def&quot;:&quot;normal&quot;},&quot;bt_bb_text_size_&quot;:{&quot;current_class&quot;:&quot;bt_bb_text_size_normal&quot;,&quot;def&quot;:&quot;normal&quot;}}\"><div class=\"bt_bb_separator_v2_inner\"><span class=\"bt_bb_separator_v2_inner_before\"><\/span><span class=\"bt_bb_separator_v2_inner_content\"><span  data-ico-=\"\" class=\"bt_bb_icon_holder\"><\/span><\/span><span class=\"bt_bb_separator_v2_inner_after\"><\/span><\/div><\/div><div data-bb-version=\"4.7.2\"  class=\"bt_bb_text\" ><\/p>\n<p><strong>Saadaval inglise keeles<\/strong><\/p>\n<p><strong>Veebip\u00f5hine sisu on saadaval tasuta. Praktilise koolitamise hind s\u00f5ltub valitud kursusest.<\/strong><\/p>\n<p><strong>Kui soovid kriketit enda kooli siis v\u00f5ta \u00fchendust <a href=\"mailto:program.manager@estoniancricket.com\" target=\"_blank\" rel=\"noopener\">program.manager@estoniancricket.com<\/a> if you are interested<\/strong><\/p>\n<p><strong>J\u00e4rgmine praktiline hindamine: <a href=\"https:\/\/estoniancricket.com\/et\/education\/course-schedule\/\">Vaata kursuste ajakava<\/a><\/strong><\/p>\n<p>\n<\/div><div data-bb-version=\"4.7.2\" class=\"bt_bb_separator_v2 bt_bb_border_style_solid bt_bb_top_spacing_normal bt_bb_bottom_spacing_none bt_bb_border_thickness_1 bt_bb_icon_size_normal bt_bb_text_size_normal bt_bb_separator_v2_without_content\" data-bt-override-class=\"{&quot;bt_bb_top_spacing_&quot;:{&quot;current_class&quot;:&quot;bt_bb_top_spacing_normal&quot;,&quot;def&quot;:&quot;normal&quot;},&quot;bt_bb_bottom_spacing_&quot;:{&quot;current_class&quot;:&quot;bt_bb_bottom_spacing_none&quot;,&quot;def&quot;:&quot;none&quot;},&quot;bt_bb_border_thickness_&quot;:{&quot;current_class&quot;:&quot;bt_bb_border_thickness_1&quot;,&quot;def&quot;:&quot;1&quot;},&quot;bt_bb_icon_size_&quot;:{&quot;current_class&quot;:&quot;bt_bb_icon_size_normal&quot;,&quot;def&quot;:&quot;normal&quot;},&quot;bt_bb_text_size_&quot;:{&quot;current_class&quot;:&quot;bt_bb_text_size_normal&quot;,&quot;def&quot;:&quot;normal&quot;}}\"><div class=\"bt_bb_separator_v2_inner\"><span class=\"bt_bb_separator_v2_inner_before\"><\/span><span class=\"bt_bb_separator_v2_inner_content\"><span  data-ico-=\"\" class=\"bt_bb_icon_holder\"><\/span><\/span><span class=\"bt_bb_separator_v2_inner_after\"><\/span><\/div><\/div><div data-bb-version=\"4.7.2\" class=\"bt_bb_separator_v2 bt_bb_border_style_none bt_bb_top_spacing_normal bt_bb_bottom_spacing_none bt_bb_border_thickness_1 bt_bb_icon_size_normal bt_bb_text_size_normal bt_bb_separator_v2_without_content\" data-bt-override-class=\"{&quot;bt_bb_top_spacing_&quot;:{&quot;current_class&quot;:&quot;bt_bb_top_spacing_normal&quot;,&quot;def&quot;:&quot;normal&quot;},&quot;bt_bb_bottom_spacing_&quot;:{&quot;current_class&quot;:&quot;bt_bb_bottom_spacing_none&quot;,&quot;def&quot;:&quot;none&quot;},&quot;bt_bb_border_thickness_&quot;:{&quot;current_class&quot;:&quot;bt_bb_border_thickness_1&quot;,&quot;def&quot;:&quot;1&quot;},&quot;bt_bb_icon_size_&quot;:{&quot;current_class&quot;:&quot;bt_bb_icon_size_normal&quot;,&quot;def&quot;:&quot;normal&quot;},&quot;bt_bb_text_size_&quot;:{&quot;current_class&quot;:&quot;bt_bb_text_size_normal&quot;,&quot;def&quot;:&quot;normal&quot;}}\"><div class=\"bt_bb_separator_v2_inner\"><span class=\"bt_bb_separator_v2_inner_before\"><\/span><span class=\"bt_bb_separator_v2_inner_content\"><span  data-ico-=\"\" class=\"bt_bb_icon_holder\"><\/span><\/span><span class=\"bt_bb_separator_v2_inner_after\"><\/span><\/div><\/div><\/div><\/div><\/div><div data-bb-version=\"4.7.2\"  class=\"bt_bb_column col-xxl-6 col-xl-6 col-xs-12 col-sm-6 col-md-6 col-lg-6 bt_bb_vertical_align_top bt_bb_align_left bt_bb_padding_none\" style=\"background-color:rgb(255,255,255);; --column-width:6;\" data-width=\"6\" data-bt-override-class=\"{&quot;bt_bb_align_&quot;:{&quot;current_class&quot;:&quot;bt_bb_align_left&quot;,&quot;def&quot;:&quot;left&quot;},&quot;bt_bb_padding_&quot;:{&quot;current_class&quot;:&quot;bt_bb_padding_none&quot;,&quot;def&quot;:&quot;none&quot;}}\"><div class=\"bt_bb_column_content\"><div class=\"bt_bb_column_content_inner\"><div data-bb-version=\"4.7.2\" class=\"bt_bb_separator_v2 bt_bb_border_style_none bt_bb_top_spacing_small bt_bb_bottom_spacing_none bt_bb_border_thickness_1 bt_bb_icon_size_normal bt_bb_text_size_normal bt_bb_separator_v2_without_content\" data-bt-override-class=\"{&quot;bt_bb_top_spacing_&quot;:{&quot;current_class&quot;:&quot;bt_bb_top_spacing_small&quot;,&quot;def&quot;:&quot;small&quot;},&quot;bt_bb_bottom_spacing_&quot;:{&quot;current_class&quot;:&quot;bt_bb_bottom_spacing_none&quot;,&quot;def&quot;:&quot;none&quot;},&quot;bt_bb_border_thickness_&quot;:{&quot;current_class&quot;:&quot;bt_bb_border_thickness_1&quot;,&quot;def&quot;:&quot;1&quot;},&quot;bt_bb_icon_size_&quot;:{&quot;current_class&quot;:&quot;bt_bb_icon_size_normal&quot;,&quot;def&quot;:&quot;normal&quot;},&quot;bt_bb_text_size_&quot;:{&quot;current_class&quot;:&quot;bt_bb_text_size_normal&quot;,&quot;def&quot;:&quot;normal&quot;}}\"><div class=\"bt_bb_separator_v2_inner\"><span class=\"bt_bb_separator_v2_inner_before\"><\/span><span class=\"bt_bb_separator_v2_inner_content\"><span  data-ico-=\"\" class=\"bt_bb_icon_holder\"><\/span><\/span><span class=\"bt_bb_separator_v2_inner_after\"><\/span><\/div><\/div><div data-bb-version=\"4.7.2\"  class=\"bt_bb_text\" ><\/p>\n<p><strong>Kuidas registreerida<\/strong><\/p>\n<p class=\"translation-block\"><span class=\"x193iq5w xeuugli x13faqbe x1vvkbs x1xmvt09 x6prxxf xvq8zen xo1l8bm xzsf02u\">1) Registreeri siin -<a class=\"x1i10hfl xjbqb8w x6umtig x1b1mbwd xaqea5y xav7gou x9f619 x1ypdohk xt0psk2 xe8uvvx xdj266r x11i5rnm xat24cr x1mh8g0r xexx8yu x4uap5 x18d9i69 xkhd6sd x16tdsg8 x1hl2dhg xggy1nq x1a2a7pz xt0b8zv x1fey0fg\" role=\"link\" href=\"https:\/\/www.edapp.com\/icc\/\" target=\"_blank\" rel=\"nofollow noopener noreferrer\">https:\/\/www.edapp.com\/icc\/<\/a> ja ole kindel, et panid Eesti valitud riigiks<br>\n<\/span><span class=\"x193iq5w xeuugli x13faqbe x1vvkbs x1xmvt09 x6prxxf xvq8zen xo1l8bm xzsf02u\">2) 2) Sulle saadetakse e-mail sisselogimise infoga<br>\n<\/span><span class=\"x193iq5w xeuugli x13faqbe x1vvkbs x1xmvt09 x6prxxf xvq8zen xo1l8bm xzsf02u\">3) 3) Lae alla Edapp google v\u00f5i apple poest ja vajuta logi sisse<br>\n<\/span><span class=\"x193iq5w xeuugli x13faqbe x1vvkbs x1xmvt09 x6prxxf xvq8zen xo1l8bm xzsf02u\">4) 4) Sisesta andmed sulle saadetud e-maili j\u00e4rgi<br>\n<\/span><span class=\"x193iq5w xeuugli x13faqbe x1vvkbs x1xmvt09 x6prxxf xvq8zen xo1l8bm xzsf02u\">5) 5) Vaheta parool ja vajuta registreeri minu konto<br>\n<\/span><span class=\"x193iq5w xeuugli x13faqbe x1vvkbs x1xmvt09 x6prxxf xvq8zen xo1l8bm xzsf02u\">6) 6) Alusta \u00f5ppimisega<\/span><\/p>\n<p>\n<\/div><div data-bb-version=\"4.7.7\" class=\"bt_bb_separator_v2 bt_bb_border_style_none bt_bb_top_spacing_medium bt_bb_bottom_spacing_none bt_bb_border_thickness_1 bt_bb_icon_size_normal bt_bb_text_size_normal bt_bb_separator_v2_without_content bt_bb_hidden_xs\" data-bt-override-class=\"{&quot;bt_bb_top_spacing_&quot;:{&quot;current_class&quot;:&quot;bt_bb_top_spacing_medium&quot;,&quot;def&quot;:&quot;medium&quot;},&quot;bt_bb_bottom_spacing_&quot;:{&quot;current_class&quot;:&quot;bt_bb_bottom_spacing_none&quot;,&quot;def&quot;:&quot;none&quot;},&quot;bt_bb_border_thickness_&quot;:{&quot;current_class&quot;:&quot;bt_bb_border_thickness_1&quot;,&quot;def&quot;:&quot;1&quot;},&quot;bt_bb_icon_size_&quot;:{&quot;current_class&quot;:&quot;bt_bb_icon_size_normal&quot;,&quot;def&quot;:&quot;normal&quot;},&quot;bt_bb_text_size_&quot;:{&quot;current_class&quot;:&quot;bt_bb_text_size_normal&quot;,&quot;def&quot;:&quot;normal&quot;}}\"><div class=\"bt_bb_separator_v2_inner\"><span class=\"bt_bb_separator_v2_inner_before\"><\/span><span class=\"bt_bb_separator_v2_inner_content\"><span  data-ico-=\"\" class=\"bt_bb_icon_holder\"><\/span><\/span><span class=\"bt_bb_separator_v2_inner_after\"><\/span><\/div><\/div><div data-bb-version=\"4.7.2\" class=\"bt_bb_separator_v2 bt_bb_border_style_none bt_bb_top_spacing_normal bt_bb_bottom_spacing_none bt_bb_border_thickness_1 bt_bb_icon_size_normal bt_bb_text_size_normal bt_bb_separator_v2_without_content bt_bb_hidden_ms bt_bb_hidden_sm bt_bb_hidden_md bt_bb_hidden_lg bt_bb_hidden_xl\" data-bt-override-class=\"{&quot;bt_bb_top_spacing_&quot;:{&quot;current_class&quot;:&quot;bt_bb_top_spacing_normal&quot;,&quot;def&quot;:&quot;normal&quot;},&quot;bt_bb_bottom_spacing_&quot;:{&quot;current_class&quot;:&quot;bt_bb_bottom_spacing_none&quot;,&quot;def&quot;:&quot;none&quot;},&quot;bt_bb_border_thickness_&quot;:{&quot;current_class&quot;:&quot;bt_bb_border_thickness_1&quot;,&quot;def&quot;:&quot;1&quot;},&quot;bt_bb_icon_size_&quot;:{&quot;current_class&quot;:&quot;bt_bb_icon_size_normal&quot;,&quot;def&quot;:&quot;normal&quot;},&quot;bt_bb_text_size_&quot;:{&quot;current_class&quot;:&quot;bt_bb_text_size_normal&quot;,&quot;def&quot;:&quot;normal&quot;}}\"><div class=\"bt_bb_separator_v2_inner\"><span class=\"bt_bb_separator_v2_inner_before\"><\/span><span class=\"bt_bb_separator_v2_inner_content\"><span  data-ico-=\"\" class=\"bt_bb_icon_holder\"><\/span><\/span><span class=\"bt_bb_separator_v2_inner_after\"><\/span><\/div><\/div><div data-bb-version=\"4.7.2\" class=\"bt_bb_image bt_bb_shape_square bt_bb_target_self bt_bb_align_inherit bt_bb_hover_style_simple bt_bb_content_display_always bt_bb_content_align_middle\" data-bt-override-class=\"{&quot;bt_bb_align_&quot;:{&quot;current_class&quot;:&quot;bt_bb_align_inherit&quot;,&quot;def&quot;:&quot;inherit&quot;},&quot;bt_bb_content_display_&quot;:{&quot;current_class&quot;:&quot;bt_bb_content_display_always&quot;,&quot;def&quot;:&quot;always&quot;}}\"><span><img loading=\"lazy\" decoding=\"async\" width=\"707\" height=\"683\" src=\"https:\/\/estoniancricket.com\/wp-content\/uploads\/2023\/10\/iccedapp.png\" class=\"attachment-full size-full\" alt=\"https:\/\/estoniancricket.com\/wp-content\/uploads\/2023\/10\/iccedapp.png\" data-full_image_src=\"https:\/\/estoniancricket.com\/wp-content\/uploads\/2023\/10\/iccedapp.png\" title=\"iccedapp\" srcset=\"https:\/\/estoniancricket.com\/wp-content\/uploads\/2023\/10\/iccedapp.png 707w, https:\/\/estoniancricket.com\/wp-content\/uploads\/2023\/10\/iccedapp-300x290.png 300w, https:\/\/estoniancricket.com\/wp-content\/uploads\/2023\/10\/iccedapp-12x12.png 12w\" sizes=\"auto, (max-width: 707px) 100vw, 707px\" \/><\/span><\/div><\/div><\/div><\/div><\/div><\/div><\/div><!-- cell_inner --><\/div><!-- cell --><\/div><!-- port --><\/section>","protected":false},"excerpt":{"rendered":"","protected":false},"author":2,"featured_media":0,"parent":6217,"menu_order":0,"comment_status":"closed","ping_status":"closed","template":"","meta":{"footnotes":""},"class_list":["post-6085","page","type-page","status-publish","hentry"],"_links":{"self":[{"href":"https:\/\/estoniancricket.com\/et\/wp-json\/wp\/v2\/pages\/6085","targetHints":{"allow":["GET"]}}],"collection":[{"href":"https:\/\/estoniancricket.com\/et\/wp-json\/wp\/v2\/pages"}],"about":[{"href":"https:\/\/estoniancricket.com\/et\/wp-json\/wp\/v2\/types\/page"}],"author":[{"embeddable":true,"href":"https:\/\/estoniancricket.com\/et\/wp-json\/wp\/v2\/users\/2"}],"replies":[{"embeddable":true,"href":"https:\/\/estoniancricket.com\/et\/wp-json\/wp\/v2\/comments?post=6085"}],"version-history":[{"count":10,"href":"https:\/\/estoniancricket.com\/et\/wp-json\/wp\/v2\/pages\/6085\/revisions"}],"predecessor-version":[{"id":7466,"href":"https:\/\/estoniancricket.com\/et\/wp-json\/wp\/v2\/pages\/6085\/revisions\/7466"}],"up":[{"embeddable":true,"href":"https:\/\/estoniancricket.com\/et\/wp-json\/wp\/v2\/pages\/6217"}],"wp:attachment":[{"href":"https:\/\/estoniancricket.com\/et\/wp-json\/wp\/v2\/media?parent=6085"}],"curies":[{"name":"wp","href":"https:\/\/api.w.org\/{rel}","templated":true}]}}